{"id":6,"date":"2023-06-12T13:28:42","date_gmt":"2023-06-12T11:28:42","guid":{"rendered":"https:\/\/gites-en-baie-de-somme.com\/?page_id=6"},"modified":"2023-06-20T14:45:00","modified_gmt":"2023-06-20T12:45:00","slug":"bienvenue","status":"publish","type":"page","link":"https:\/\/gites-en-baie-de-somme.com\/","title":{"rendered":"Bienvenue"},"content":{"rendered":"<div id=\"cs-content\" class=\"cs-content\"><\/div>\n","protected":false},"excerpt":{"rendered":"<p>La haute logeD\u00e9couvrez \u00ab\u00a0La Haute Loge\u00a0\u00bb, un g\u00eete rustique au c\u0153ur de la Somme. S\u00e9journez dans des h\u00e9bergements chaleureux et profitez de la nature environnante. Id\u00e9al pour explorer la r\u00e9gion et se ressourcer.R\u00e9servez votre week-end ! En savoir plusLa MarcotteD\u00e9couvrez \u00ab\u00a0La Marcotte\u00a0\u00bb, un g\u00eete charmant et confortable. Situ\u00e9 dans un cadre pittoresque, ce refuge vous offre tranquillit\u00e9 et d\u00e9tente. Id\u00e9al &#8230;<\/p>\n","protected":false},"author":1,"featured_media":0,"parent":0,"menu_order":0,"comment_status":"closed","ping_status":"closed","template":"","meta":{"footnotes":""},"class_list":["post-6","page","type-page","status-publish","hentry","no-post-thumbnail"],"_links":{"self":[{"href":"https:\/\/gites-en-baie-de-somme.com\/index.php\/wp-json\/wp\/v2\/pages\/6","targetHints":{"allow":["GET"]}}],"collection":[{"href":"https:\/\/gites-en-baie-de-somme.com\/index.php\/wp-json\/wp\/v2\/pages"}],"about":[{"href":"https:\/\/gites-en-baie-de-somme.com\/index.php\/wp-json\/wp\/v2\/types\/page"}],"author":[{"embeddable":true,"href":"https:\/\/gites-en-baie-de-somme.com\/index.php\/wp-json\/wp\/v2\/users\/1"}],"replies":[{"embeddable":true,"href":"https:\/\/gites-en-baie-de-somme.com\/index.php\/wp-json\/wp\/v2\/comments?post=6"}],"version-history":[{"count":7,"href":"https:\/\/gites-en-baie-de-somme.com\/index.php\/wp-json\/wp\/v2\/pages\/6\/revisions"}],"predecessor-version":[{"id":34,"href":"https:\/\/gites-en-baie-de-somme.com\/index.php\/wp-json\/wp\/v2\/pages\/6\/revisions\/34"}],"wp:attachment":[{"href":"https:\/\/gites-en-baie-de-somme.com\/index.php\/wp-json\/wp\/v2\/media?parent=6"}],"curies":[{"name":"wp","href":"https:\/\/api.w.org\/{rel}","templated":true}]}}